{"id":1823,"date":"2025-01-26T19:56:17","date_gmt":"2025-01-26T19:56:17","guid":{"rendered":"https:\/\/nakedsales.agency\/?page_id=1823"},"modified":"2025-02-09T17:59:59","modified_gmt":"2025-02-09T17:59:59","slug":"dribia","status":"publish","type":"page","link":"https:\/\/nakedsales.agency\/es\/dribia\/","title":{"rendered":"DRIBIA"},"content":{"rendered":"<div data-elementor-type=\"wp-page\" data-elementor-id=\"1823\" class=\"elementor elementor-1823\" data-elementor-post-type=\"page\">\n\t\t\t\t\t\t<section class=\"elementor-section elementor-top-section elementor-element elementor-element-fc1bc5d ct-section-stretched elementor-section-boxed elementor-section-height-default elementor-section-height-default\" data-id=\"fc1bc5d\" data-element_type=\"section\" data-settings=\"{&quot;background_background&quot;:&quot;classic&quot;}\">\n\t\t\t\t\t\t<div class=\"elementor-container elementor-column-gap-default\">\n\t\t\t\t\t<div class=\"elementor-column elementor-col-100 elementor-top-column elementor-element elementor-element-170f3ee elementor-invisible\" data-id=\"170f3ee\" data-element_type=\"column\" data-settings=\"{&quot;animation&quot;:&quot;fadeInUp&quot;}\">\n\t\t\t<div class=\"elementor-widget-wrap elementor-element-populated\">\n\t\t\t\t\t\t<div class=\"elementor-element elementor-element-c33c850 elementor-widget elementor-widget-text-editor\" data-id=\"c33c850\" data-element_type=\"widget\" data-widget_type=\"text-editor.default\">\n\t\t\t\t<div class=\"elementor-widget-container\">\n\t\t\t\t\t\t\t\t\t<p>Barcelona, Espa\u00f1a<\/p>\t\t\t\t\t\t\t\t<\/div>\n\t\t\t\t<\/div>\n\t\t\t\t<div class=\"elementor-element elementor-element-7ad31f1 elementor-widget elementor-widget-text-editor\" data-id=\"7ad31f1\" data-element_type=\"widget\" data-widget_type=\"text-editor.default\">\n\t\t\t\t<div class=\"elementor-widget-container\">\n\t\t\t\t\t\t\t\t\t<p>2024<\/p>\t\t\t\t\t\t\t\t<\/div>\n\t\t\t\t<\/div>\n\t\t\t\t<div class=\"elementor-element elementor-element-74b26e1 elementor-widget__width-initial elementor-widget elementor-widget-heading\" data-id=\"74b26e1\" data-element_type=\"widget\" data-widget_type=\"heading.default\">\n\t\t\t\t<div class=\"elementor-widget-container\">\n\t\t\t\t\t<h1 class=\"elementor-heading-title elementor-size-default\"><b>DRIBIA<\/b><\/h1>\t\t\t\t<\/div>\n\t\t\t\t<\/div>\n\t\t\t\t<section class=\"elementor-section elementor-inner-section elementor-element elementor-element-b164b15 elementor-section-boxed elementor-section-height-default elementor-section-height-default\" data-id=\"b164b15\" data-element_type=\"section\">\n\t\t\t\t\t\t<div class=\"elementor-container elementor-column-gap-custom\">\n\t\t\t\t\t<div class=\"elementor-column elementor-col-50 elementor-inner-column elementor-element elementor-element-2e7b6bb\" data-id=\"2e7b6bb\" data-element_type=\"column\">\n\t\t\t<div class=\"elementor-widget-wrap elementor-element-populated\">\n\t\t\t\t\t\t<div class=\"elementor-element elementor-element-d8f814a dribia elementor-widget elementor-widget-image\" data-id=\"d8f814a\" data-element_type=\"widget\" data-widget_type=\"image.default\">\n\t\t\t\t<div class=\"elementor-widget-container\">\n\t\t\t\t\t\t\t\t\t\t\t\t\t\t\t<img decoding=\"async\" width=\"188\" height=\"44\" src=\"https:\/\/nakedsales.agency\/wp-content\/uploads\/2024\/12\/logo_dribia_blanc-1-1.svg\" class=\"attachment-large size-large wp-image-1614\" alt=\"\" \/>\t\t\t\t\t\t\t\t\t\t\t\t\t\t\t<\/div>\n\t\t\t\t<\/div>\n\t\t\t\t\t<\/div>\n\t\t<\/div>\n\t\t\t\t<div class=\"elementor-column elementor-col-50 elementor-inner-column elementor-element elementor-element-b9b5686\" data-id=\"b9b5686\" data-element_type=\"column\">\n\t\t\t<div class=\"elementor-widget-wrap elementor-element-populated\">\n\t\t\t\t\t\t<div class=\"elementor-element elementor-element-cb66447 elementor-widget elementor-widget-text-editor\" data-id=\"cb66447\" data-element_type=\"widget\" data-widget_type=\"text-editor.default\">\n\t\t\t\t<div class=\"elementor-widget-container\">\n\t\t\t\t\t\t\t\t\t<p><span style=\"font-weight: 400;\">DRIBIA dise\u00f1a algoritmos que utilizan anal\u00edtica avanzada e Inteligencia Artificial para comprender, predecir y optimizar procesos empresariales.<\/span><\/p><p><span style=\"font-weight: 400;\">Con m\u00e1s de 100 proyectos entregados, han trabajado con clientes de primer nivel como SEAT, DANONE, o Abertis.<\/span><\/p><p><span style=\"font-weight: 400;\">Trabajamos con DRIBIA como una extensi\u00f3n de su equipo, encarg\u00e1ndonos de la investigaci\u00f3n comercial y el cold outreach para generar conversaciones con SQLs de grandes corporaciones.<\/span><\/p>\t\t\t\t\t\t\t\t<\/div>\n\t\t\t\t<\/div>\n\t\t\t\t\t<\/div>\n\t\t<\/div>\n\t\t\t\t\t<\/div>\n\t\t<\/section>\n\t\t\t\t\t<\/div>\n\t\t<\/div>\n\t\t\t\t\t<\/div>\n\t\t<\/section>\n\t\t\t\t<\/div>","protected":false},"excerpt":{"rendered":"<p>Barcelona, Spain 2024 DRIBIA DRIBIA designs algorithms that use advanced analytics and artificial intelligence to understand, predict and optimize business processes. With +100 successful projects delivered, they\u2019ve worked with tier-1 clients like SEAT, DANONE, Abertis, etc. We work with DRIBIA as an extension of their team, taking care of commercial research and cold outreach, to [&hellip;]<\/p>","protected":false},"author":4263,"featured_media":0,"parent":0,"menu_order":0,"comment_status":"closed","ping_status":"closed","template":"","meta":{"footnotes":""},"class_list":["post-1823","page","type-page","status-publish","hentry"],"blocksy_meta":[],"_links":{"self":[{"href":"https:\/\/nakedsales.agency\/es\/wp-json\/wp\/v2\/pages\/1823","targetHints":{"allow":["GET"]}}],"collection":[{"href":"https:\/\/nakedsales.agency\/es\/wp-json\/wp\/v2\/pages"}],"about":[{"href":"https:\/\/nakedsales.agency\/es\/wp-json\/wp\/v2\/types\/page"}],"author":[{"embeddable":true,"href":"https:\/\/nakedsales.agency\/es\/wp-json\/wp\/v2\/users\/4263"}],"replies":[{"embeddable":true,"href":"https:\/\/nakedsales.agency\/es\/wp-json\/wp\/v2\/comments?post=1823"}],"version-history":[{"count":16,"href":"https:\/\/nakedsales.agency\/es\/wp-json\/wp\/v2\/pages\/1823\/revisions"}],"predecessor-version":[{"id":2576,"href":"https:\/\/nakedsales.agency\/es\/wp-json\/wp\/v2\/pages\/1823\/revisions\/2576"}],"wp:attachment":[{"href":"https:\/\/nakedsales.agency\/es\/wp-json\/wp\/v2\/media?parent=1823"}],"curies":[{"name":"wp","href":"https:\/\/api.w.org\/{rel}","templated":true}]}}